{"id":57601,"date":"2024-09-15T08:53:43","date_gmt":"2024-09-15T08:53:43","guid":{"rendered":"http:\/\/138.197.98.150:8081\/?page_id=57601"},"modified":"2024-09-25T06:54:32","modified_gmt":"2024-09-25T06:54:32","slug":"insights","status":"publish","type":"page","link":"https:\/\/insights.blanket.com\/fr\/insights\/","title":{"rendered":"Connaissances"},"content":{"rendered":"<div class=\"wpb-content-wrapper\"><div class=\"vc_row wpb_row vc_row-fluid\"><div class=\"wpb_column vc_column_container vc_col-sm-12\"><div class=\"vc_column-inner\"><div class=\"wpb_wrapper\">\n<div class=\"vc_grid-container-wrapper vc_clearfix vc_grid-animation-none\">\n\t<div class=\"vc_grid-container vc_clearfix wpb_content_element vc_basic_grid post-design\" data-initial-loading-animation=\"none\" data-vc-grid-settings=\"{&quot;page_id&quot;:57601,&quot;style&quot;:&quot;load-more&quot;,&quot;action&quot;:&quot;vc_get_vc_grid_data&quot;,&quot;shortcode_id&quot;:&quot;1726390540844-df2dbd55-a9a0-1&quot;,&quot;items_per_page&quot;:&quot;6&quot;,&quot;btn_data&quot;:{&quot;title&quot;:&quot;Load more&quot;,&quot;style&quot;:&quot;flat&quot;,&quot;gradient_color_1&quot;:&quot;&quot;,&quot;gradient_color_2&quot;:&quot;&quot;,&quot;gradient_custom_color_1&quot;:&quot;&quot;,&quot;gradient_custom_color_2&quot;:&quot;&quot;,&quot;gradient_text_color&quot;:&quot;&quot;,&quot;custom_background&quot;:&quot;#ededed&quot;,&quot;custom_text&quot;:&quot;#666&quot;,&quot;outline_custom_color&quot;:&quot;#666&quot;,&quot;outline_custom_hover_background&quot;:&quot;#666&quot;,&quot;outline_custom_hover_text&quot;:&quot;#fff&quot;,&quot;shape&quot;:&quot;rounded&quot;,&quot;color&quot;:&quot;blue&quot;,&quot;size&quot;:&quot;md&quot;,&quot;align&quot;:&quot;inline&quot;,&quot;button_block&quot;:&quot;&quot;,&quot;add_icon&quot;:&quot;&quot;,&quot;i_align&quot;:&quot;left&quot;,&quot;i_type&quot;:&quot;fontawesome&quot;,&quot;i_icon_the7&quot;:&quot;&quot;,&quot;i_icon_fontawesome&quot;:&quot;fas fa-adjust&quot;,&quot;i_icon_openiconic&quot;:&quot;vc-oi vc-oi-dial&quot;,&quot;i_icon_typicons&quot;:&quot;typcn typcn-adjust-brightness&quot;,&quot;i_icon_entypo&quot;:&quot;entypo-icon entypo-icon-note&quot;,&quot;i_icon_linecons&quot;:&quot;vc_li vc_li-heart&quot;,&quot;i_icon_monosocial&quot;:&quot;&quot;,&quot;i_icon_material&quot;:&quot;&quot;,&quot;i_icon_pixelicons&quot;:&quot;vc_pixel_icon vc_pixel_icon-alert&quot;,&quot;el_id&quot;:&quot;&quot;,&quot;custom_onclick&quot;:&quot;&quot;,&quot;custom_onclick_code&quot;:&quot;&quot;,&quot;smooth_scroll&quot;:&quot;&quot;},&quot;tag&quot;:&quot;vc_basic_grid&quot;}\" data-vc-request=\"https:\/\/insights.blanket.com\/wp-admin\/admin-ajax.php\" data-vc-post-id=\"57601\" data-vc-public-nonce=\"18e0cfada6\">\n\t\t<style data-type=\"vc_shortcodes-custom-css\">.vc_custom_1419240516480{background-color: #f9f9f9 !important;}<\/style><div class=\"vc_grid vc_row vc_grid-gutter-30px vc_pageable-wrapper vc_hook_hover\" data-vc-pageable-content=\"true\"><div class=\"vc_pageable-slide-wrapper vc_clearfix\" data-vc-grid-content=\"true\"><div class=\"vc_grid-item vc_clearfix vc_col-sm-4 vc_grid-item-zone-c-bottom\"><div class=\"vc_grid-item-mini vc_clearfix\"><div class=\"vc_gitem-animated-block\" ><div class=\"vc_gitem-zone vc_gitem-zone-a vc-gitem-zone-height-mode-auto vc-gitem-zone-height-mode-auto-1-1 vc_gitem-is-link\" style=\"background-image: url('https:\/\/insights.blanket.com\/wp-content\/uploads\/2024\/08\/hands-with-pen-calculator-2-scaled.jpg') !important;\"><a href=\"https:\/\/insights.blanket.com\/fr\/how-much-life-insurance-do-i-need\/\" title=\"Quel est le montant de l\u2019assurance vie dont j\u2019ai besoin?\u00a0\" class=\"vc_gitem-link vc-zone-link\" ><\/a><img decoding=\"async\" class=\"vc_gitem-zone-img\" src=\"https:\/\/insights.blanket.com\/wp-content\/uploads\/2024\/08\/hands-with-pen-calculator-2-scaled.jpg\" alt=\"Choosing the right amount of life insurance can feel overwhelming, especially if you\u2019re new to the concept. You might be asking yourself, \u201cHow much life insurance do I need?\u201d and \u201cWhat\u2019s the best policy for my situation?\u201d Understanding these questions is crucial for ensuring you have the right level of protection and financial security for your loved ones.\" loading=\"lazy\"><div class=\"vc_gitem-zone-mini\"><\/div><\/div><\/div><div class=\"vc_gitem-zone vc_gitem-zone-c vc_custom_1419240516480\"><div class=\"vc_gitem-zone-mini\"><div class=\"vc_gitem_row vc_row vc_gitem-row-position-top\"><div class=\"vc_col-sm-12 vc_gitem-col vc_gitem-col-align-\"><div class=\"vc_custom_heading vc_gitem-post-data vc_gitem-post-data-source-post_title\" ><h4 style=\"text-align: left\" >Quel est le montant de l\u2019assurance vie dont j\u2019ai besoin?\u00a0<\/h4><\/div><div class=\"vc_custom_heading vc_gitem-post-data vc_gitem-post-data-source-post_excerpt\" ><p style=\"text-align: left\" ><p>Choisir le bon montant d\u2019assurance vie peut sembler une t\u00e2che difficile, surtout si vous \u00eates nouveau dans le concept. Vous vous demandez peut-\u00eatre : \u00ab De quel montant d\u2019assurance-vie ai-je besoin ? \u00bb et \u00ab Quelle est la meilleure politique pour ma situation ? \u00bb Comprendre ces questions est crucial pour garantir le bon niveau de protection et de s\u00e9curit\u00e9 financi\u00e8re pour vos proches.<\/p>\n<\/p><\/div><div class=\"vc_btn3-container vc_btn3-left\"><a class=\"vc_general vc_btn3 vc_btn3-size-md vc_btn3-shape-rounded vc_btn3-style-flat vc_btn3-color-juicy-pink\" a href=\"https:\/\/insights.blanket.com\/fr\/how-much-life-insurance-do-i-need\/\" title=\"Read more\">Read more<\/a><\/div><\/div><\/div><\/div><\/div><\/div><div class=\"vc_clearfix\"><\/div><\/div><div class=\"vc_grid-item vc_clearfix vc_col-sm-4 vc_grid-item-zone-c-bottom\"><div class=\"vc_grid-item-mini vc_clearfix\"><div class=\"vc_gitem-animated-block\" ><div class=\"vc_gitem-zone vc_gitem-zone-a vc-gitem-zone-height-mode-auto vc-gitem-zone-height-mode-auto-1-1 vc_gitem-is-link\" style=\"background-image: url('https:\/\/insights.blanket.com\/wp-content\/uploads\/2024\/10\/iStock-460518729-1024x683.jpg') !important;\"><a href=\"https:\/\/insights.blanket.com\/fr\/who-is-term-life-insurance-for\/\" title=\"\u00c0 qui s\u2019adresse l\u2019assurance vie temporaire?\u00a0\" class=\"vc_gitem-link vc-zone-link\" ><\/a><img decoding=\"async\" class=\"vc_gitem-zone-img\" src=\"https:\/\/insights.blanket.com\/wp-content\/uploads\/2024\/10\/iStock-460518729-1024x683.jpg\" alt=\"Life insurance can be a crucial part of financial planning, but choosing the right type can be a bit overwhelming. Among the various options available, term life insurance is one of the most popular and straightforward choices.\" loading=\"lazy\"><div class=\"vc_gitem-zone-mini\"><\/div><\/div><\/div><div class=\"vc_gitem-zone vc_gitem-zone-c vc_custom_1419240516480\"><div class=\"vc_gitem-zone-mini\"><div class=\"vc_gitem_row vc_row vc_gitem-row-position-top\"><div class=\"vc_col-sm-12 vc_gitem-col vc_gitem-col-align-\"><div class=\"vc_custom_heading vc_gitem-post-data vc_gitem-post-data-source-post_title\" ><h4 style=\"text-align: left\" >\u00c0 qui s\u2019adresse l\u2019assurance vie temporaire?\u00a0<\/h4><\/div><div class=\"vc_custom_heading vc_gitem-post-data vc_gitem-post-data-source-post_excerpt\" ><p style=\"text-align: left\" ><p>L\u2019assurance vie peut \u00eatre un \u00e9l\u00e9ment crucial de la planification financi\u00e8re, mais choisir le bon type peut s\u2019av\u00e9rer un peu difficile. Parmi les diff\u00e9rentes options disponibles, l\u2019assurance vie temporaire est l\u2019un des choix les plus populaires et les plus simples.<\/p>\n<\/p><\/div><div class=\"vc_btn3-container vc_btn3-left\"><a class=\"vc_general vc_btn3 vc_btn3-size-md vc_btn3-shape-rounded vc_btn3-style-flat vc_btn3-color-juicy-pink\" a href=\"https:\/\/insights.blanket.com\/fr\/who-is-term-life-insurance-for\/\" title=\"Read more\">Read more<\/a><\/div><\/div><\/div><\/div><\/div><\/div><div class=\"vc_clearfix\"><\/div><\/div><div class=\"vc_grid-item vc_clearfix vc_col-sm-4 vc_grid-item-zone-c-bottom\"><div class=\"vc_grid-item-mini vc_clearfix\"><div class=\"vc_gitem-animated-block\" ><div class=\"vc_gitem-zone vc_gitem-zone-a vc-gitem-zone-height-mode-auto vc-gitem-zone-height-mode-auto-1-1 vc_gitem-is-link\" style=\"background-image: url('https:\/\/insights.blanket.com\/wp-content\/uploads\/2024\/10\/iStock-1257826806-1024x683.jpg') !important;\"><a href=\"https:\/\/insights.blanket.com\/fr\/why-young-people-need-life-insurance\/\" title=\"Pourquoi les jeunes ont-ils besoin d\u2019une assurance vie ?\" class=\"vc_gitem-link vc-zone-link\" ><\/a><img decoding=\"async\" class=\"vc_gitem-zone-img\" src=\"https:\/\/insights.blanket.com\/wp-content\/uploads\/2024\/10\/iStock-1257826806-1024x683.jpg\" alt=\"When you\u2019re young, life insurance might seem like an unnecessary expense. After all, you\u2019re probably more focused on your career, relationships, or perhaps your next big adventure. But while it might seem like something only older adults or those with families need, there are compelling reasons why life insurance can be a smart move for young people.\" loading=\"lazy\"><div class=\"vc_gitem-zone-mini\"><\/div><\/div><\/div><div class=\"vc_gitem-zone vc_gitem-zone-c vc_custom_1419240516480\"><div class=\"vc_gitem-zone-mini\"><div class=\"vc_gitem_row vc_row vc_gitem-row-position-top\"><div class=\"vc_col-sm-12 vc_gitem-col vc_gitem-col-align-\"><div class=\"vc_custom_heading vc_gitem-post-data vc_gitem-post-data-source-post_title\" ><h4 style=\"text-align: left\" >Pourquoi les jeunes ont-ils besoin d\u2019une assurance vie ?<\/h4><\/div><div class=\"vc_custom_heading vc_gitem-post-data vc_gitem-post-data-source-post_excerpt\" ><p style=\"text-align: left\" ><p>Lorsqu\u2019on est jeune, l\u2019assurance vie peut sembler une d\u00e9pense inutile. Apr\u00e8s tout, vous vous concentrez probablement sur votre carri\u00e8re, vos relations ou peut-\u00eatre votre prochaine grande aventure. M\u00eame si l\u2019on peut penser que seules les personnes plus \u00e2g\u00e9es ou ayant une famille en ont besoin, il existe des raisons irr\u00e9futables pour lesquelles l\u2019assurance vie peut \u00eatre une d\u00e9cision judicieuse pour les jeunes. Voici pourquoi elle vaut la peine d\u2019\u00eatre envisag\u00e9e<\/p>\n<\/p><\/div><div class=\"vc_btn3-container vc_btn3-left\"><a class=\"vc_general vc_btn3 vc_btn3-size-md vc_btn3-shape-rounded vc_btn3-style-flat vc_btn3-color-juicy-pink\" a href=\"https:\/\/insights.blanket.com\/fr\/why-young-people-need-life-insurance\/\" title=\"Read more\">Read more<\/a><\/div><\/div><\/div><\/div><\/div><\/div><div class=\"vc_clearfix\"><\/div><\/div><\/div><div class=\"vc_pageable-load-more-btn\" data-vc-grid-load-more-btn=\"true\"><div class=\"vc_btn3-container  vc_grid-btn-load_more vc_btn3-inline\"><a href=\"javascript:;\" class=\"vc_general vc_btn3 vc_btn3-size-md vc_btn3-shape-rounded vc_btn3-style-flat vc_btn3-color-blue\"  title=\"Charger plus\">Charger plus<\/a><\/div><\/div><\/div>\n\t<\/div>\n<\/div><\/div><\/div><\/div><\/div>\n<\/div>","protected":false},"excerpt":{"rendered":"","protected":false},"author":1,"featured_media":0,"parent":0,"menu_order":0,"comment_status":"closed","ping_status":"closed","template":"","meta":{"footnotes":""},"class_list":["post-57601","page","type-page","status-publish","hentry","description-off"],"_links":{"self":[{"href":"https:\/\/insights.blanket.com\/fr\/wp-json\/wp\/v2\/pages\/57601","targetHints":{"allow":["GET"]}}],"collection":[{"href":"https:\/\/insights.blanket.com\/fr\/wp-json\/wp\/v2\/pages"}],"about":[{"href":"https:\/\/insights.blanket.com\/fr\/wp-json\/wp\/v2\/types\/page"}],"author":[{"embeddable":true,"href":"https:\/\/insights.blanket.com\/fr\/wp-json\/wp\/v2\/users\/1"}],"replies":[{"embeddable":true,"href":"https:\/\/insights.blanket.com\/fr\/wp-json\/wp\/v2\/comments?post=57601"}],"version-history":[{"count":2,"href":"https:\/\/insights.blanket.com\/fr\/wp-json\/wp\/v2\/pages\/57601\/revisions"}],"predecessor-version":[{"id":57603,"href":"https:\/\/insights.blanket.com\/fr\/wp-json\/wp\/v2\/pages\/57601\/revisions\/57603"}],"wp:attachment":[{"href":"https:\/\/insights.blanket.com\/fr\/wp-json\/wp\/v2\/media?parent=57601"}],"curies":[{"name":"wp","href":"https:\/\/api.w.org\/{rel}","templated":true}]}}